{"id":2410,"date":"2017-08-28T21:56:03","date_gmt":"2017-08-28T21:56:03","guid":{"rendered":"http:\/\/www.directbiz.com.br\/home\/?page_id=2410"},"modified":"2020-09-30T15:06:57","modified_gmt":"2020-09-30T18:06:57","slug":"our_achievements","status":"publish","type":"page","link":"https:\/\/www.en.directbiz.com.br\/home\/our_achievements\/","title":{"rendered":"Our Achievements"},"content":{"rendered":"<p>[vc_row css=&#8221;.vc_custom_1534300736541{padding-top: 100px !important;}&#8221;][vc_column]<div class=\"\">\n\t<div class=\"rt-vc-title rtin-section-title-center\">\n\t\t\t\t\t<h2 class=\"rt-section-title-vc\" style=\"font-size:30px; color:#222222;\">Our Achievements<\/h2>\n\t\t\t<\/div>\n<\/div>[\/vc_column][\/vc_row][vc_row disable_element=&#8221;yes&#8221; css=&#8221;.vc_custom_1536255714233{padding-bottom: 60px !important;}&#8221;][vc_column width=&#8221;1\/2&#8243;][vc_column_text]Temos muito orgulho de tudo o que j\u00e1 desenvolvemos, mas algumas conquistas em particular merecem destaque[\/vc_column_text][\/vc_column][vc_column width=&#8221;1\/2&#8243;][vc_column_text]<\/p>\n<div style=\"width: 1200px;\" class=\"wp-video\"><!--[if lt IE 9]><script>document.createElement('video');<\/script><![endif]-->\n<video class=\"wp-video-shortcode\" id=\"video-2410-1\" width=\"1200\" height=\"675\" preload=\"metadata\" controls=\"controls\"><source type=\"video\/mp4\" src=\"https:\/\/www.directbiz.com.br\/home\/wp-content\/uploads\/2018\/08\/video_logos_directbiz.mp4?_=1\" \/><a href=\"https:\/\/www.directbiz.com.br\/home\/wp-content\/uploads\/2018\/08\/video_logos_directbiz.mp4\">https:\/\/www.directbiz.com.br\/home\/wp-content\/uploads\/2018\/08\/video_logos_directbiz.mp4<\/a><\/video><\/div>\n<p>[\/vc_column_text][\/vc_column][\/vc_row][vc_row full_width=&#8221;stretch_row&#8221; css=&#8221;.vc_custom_1536256267308{padding-bottom: 50px !important;background-color: #cb1011 !important;}&#8221;][vc_column width=&#8221;1\/2&#8243;]<div class=\"rt-infobox-9  layout9\" style=\"\" data-color=\"#ffffff\" data-hover=\"#cb1011\" data-title-color=\"#ffffff\" data-title-hover=\"#cb1011\">\n\t<div>\n\t\t<div class=\"media\">\n\t\t\t<div class=\"media-left\">\n\t\t\t\t<div class=\"rtin-info-icon  rounded\">\n\t\t\t\t\t\t\t\t\t\t\t<i class=\"flaticon-custom-target\" aria-hidden=\"true\" style=\"color: #ffffff;\"><\/i>\n\t\t\t\t\t\t\t\t\t<\/div>\n\t\t\t<\/div>\n\t\t\t<div class=\"media-body\">\n\t\t\t\t<h3 class=\"media-heading\" style=\"\"><a style=\"color:#ffffff\" href=\"#\"><\/a><\/h3>\n\t\t\t\t<span style=\"background:#ffffff\"><\/span>\n\t\t\t<\/div>\n\t\t<\/div>\n\t\t<div class=\"clear\"><\/div>\n\t\t<p class=\"mb0\" style=\"\"><span style=\"color: #ffffff\">The first consulting company to gain membership in ABEVD, in 2001,<\/span><br \/>\n<span style=\"color: #ffffff\">resulting in the unprecedented creation of the \u201cConsultant Associates\u201d category.<\/span><\/p>\n\t<\/div>\n<\/div>[vc_empty_space]<div class=\"rt-infobox-9  layout9\" style=\"\" data-color=\"#ffffff\" data-hover=\"#cb1011\" data-title-color=\"#ffffff\" data-title-hover=\"#cb1011\">\n\t<div>\n\t\t<div class=\"media\">\n\t\t\t<div class=\"media-left\">\n\t\t\t\t<div class=\"rtin-info-icon  rounded\">\n\t\t\t\t\t\t\t\t\t\t\t<i class=\"flaticon-finance-open-book\" aria-hidden=\"true\" style=\"color: #ffffff;\"><\/i>\n\t\t\t\t\t\t\t\t\t<\/div>\n\t\t\t<\/div>\n\t\t\t<div class=\"media-body\">\n\t\t\t\t<h3 class=\"media-heading\" style=\"\"><a style=\"color:#ffffff\" href=\"#\"><\/a><\/h3>\n\t\t\t\t<span style=\"background:#ffffff\"><\/span>\n\t\t\t<\/div>\n\t\t<\/div>\n\t\t<div class=\"clear\"><\/div>\n\t\t<p class=\"mb0\" style=\"\"><span style=\"color: #ffffff\">The only Direct Selling consultancy company to be present in all segment special editions published by Valor Econ\u00f4mico newspaper from 2007 to 2017.<\/span><\/p>\n\t<\/div>\n<\/div>[vc_empty_space][\/vc_column][vc_column width=&#8221;1\/2&#8243;]<div class=\"rt-infobox-9  layout9\" style=\"\" data-color=\"#ffffff\" data-hover=\"#cb1011\" data-title-color=\"#ffffff\" data-title-hover=\"#cb1011\">\n\t<div>\n\t\t<div class=\"media\">\n\t\t\t<div class=\"media-left\">\n\t\t\t\t<div class=\"rtin-info-icon  rounded\">\n\t\t\t\t\t\t\t\t\t\t\t<i class=\"flaticon-sam-medal\" aria-hidden=\"true\" style=\"color: #ffffff;\"><\/i>\n\t\t\t\t\t\t\t\t\t<\/div>\n\t\t\t<\/div>\n\t\t\t<div class=\"media-body\">\n\t\t\t\t<h3 class=\"media-heading\" style=\"\"><a style=\"color:#ffffff\" href=\"#\"><\/a><\/h3>\n\t\t\t\t<span style=\"background:#ffffff\"><\/span>\n\t\t\t<\/div>\n\t\t<\/div>\n\t\t<div class=\"clear\"><\/div>\n\t\t<p class=\"mb0\" style=\"\"><span style=\"color: #ffffff\">Appearances in more than 250 interviews and articles on Direct Selling and Multichannel Strategies in newspapers and magazines of great relevance.<\/span><\/p>\n\t<\/div>\n<\/div>[vc_empty_space]<div class=\"rt-infobox-9  layout9\" style=\"\" data-color=\"#ffffff\" data-hover=\"#cb1011\" data-title-color=\"#ffffff\" data-title-hover=\"#cb1011\">\n\t<div>\n\t\t<div class=\"media\">\n\t\t\t<div class=\"media-left\">\n\t\t\t\t<div class=\"rtin-info-icon  rounded\">\n\t\t\t\t\t\t\t\t\t\t\t<i class=\"flaticon-sam-trophy\" aria-hidden=\"true\" style=\"color: #ffffff;\"><\/i>\n\t\t\t\t\t\t\t\t\t<\/div>\n\t\t\t<\/div>\n\t\t\t<div class=\"media-body\">\n\t\t\t\t<h3 class=\"media-heading\" style=\"\"><a style=\"color:#ffffff\" href=\"#\"><\/a><\/h3>\n\t\t\t\t<span style=\"background:#ffffff\"><\/span>\n\t\t\t<\/div>\n\t\t<\/div>\n\t\t<div class=\"clear\"><\/div>\n\t\t<p class=\"mb0\" style=\"\"><span style=\"color: #ffffff\">The only consulting company specialized in direct sales with its \u201cown case\u201d published in the magazine EXAME PME, in July 2012.<\/span><\/p>\n\t<\/div>\n<\/div>[vc_empty_space][\/vc_column][\/vc_row][vc_row disable_element=&#8221;yes&#8221;][vc_column]<div class=\"\">\n\t<div class=\"rt-vc-title rtin-section-title-center\">\n\t\t\t\t\t<h2 class=\"rt-section-title-vc\" style=\"font-size:30px; color:#222222;\">Cases de Sucesso<\/h2>\n\t\t\t<\/div>\n<\/div><div class=\"\">\r\n\t<div class=\"rt-text-with-image\">\r\n\t\t<div class=\"row\">\r\n\t\t\t<div class=\"col-lg-6 col-md-6 col-sm-6 col-xs-12\">\r\n\t\t\t\t<div class=\"rtin-text-part\">\r\n\t\t\t\t\t\t\t\t\t\t<h2 style=\"color:#000000\">Jequiti<\/h2>\r\n\t\t\t\t\t\t\t\t\t\t<\/p>\n<ul>\n<li><strong>Formata\u00e7\u00e3o e Estrutura\u00e7\u00e3o <\/strong>de todo o projeto comercial da Venda Direta, desde o planejamento estrat\u00e9gico at\u00e9 a implanta\u00e7\u00e3o da opera\u00e7\u00e3o.<\/li>\n<li><strong>Gest\u00e3o Compartilhada <\/strong>da \u00e1rea de Vendas, Administra\u00e7\u00e3o de Vendas e Treinamento durante os primeiros <strong>dois anos <\/strong>da opera\u00e7\u00e3o.<\/li>\n<\/ul>\n<p>\t\t\t\t<\/div>\r\n\t\t\t<\/div>\r\n\t\t\t<div class=\"col-lg-6 col-md-6 col-sm-6 col-xs-12\">\r\n\t\t\t\t<img width=\"500\" height=\"300\" src=\"https:\/\/www.en.directbiz.com.br\/home\/wp-content\/uploads\/2018\/08\/logo_jequiti_500px.png\" class=\"attachment-full size-full\" alt=\"\" loading=\"lazy\" srcset=\"https:\/\/www.en.directbiz.com.br\/home\/wp-content\/uploads\/2018\/08\/logo_jequiti_500px.png 500w, https:\/\/www.en.directbiz.com.br\/home\/wp-content\/uploads\/2018\/08\/logo_jequiti_500px-300x180.png 300w\" sizes=\"(max-width: 500px) 100vw, 500px\" \/>\t\t\t<\/div>\r\n\t\t<\/div>\r\n\t<\/div>\r\n<\/div><div class=\"\">\r\n\t<div class=\"rt-text-with-image\">\r\n\t\t<div class=\"row\">\r\n\t\t\t<div class=\"col-lg-6 col-md-6 col-sm-6 col-xs-12\">\r\n\t\t\t\t<img width=\"500\" height=\"300\" src=\"https:\/\/www.en.directbiz.com.br\/home\/wp-content\/uploads\/2018\/08\/logo_hinode_500px.png\" class=\"attachment-full size-full\" alt=\"\" loading=\"lazy\" srcset=\"https:\/\/www.en.directbiz.com.br\/home\/wp-content\/uploads\/2018\/08\/logo_hinode_500px.png 500w, https:\/\/www.en.directbiz.com.br\/home\/wp-content\/uploads\/2018\/08\/logo_hinode_500px-300x180.png 300w\" sizes=\"(max-width: 500px) 100vw, 500px\" \/>\t\t\t<\/div>\t\t\t\t\t\r\n\t\t\t<div class=\"col-lg-6 col-md-6 col-sm-6 col-xs-12\">\r\n\t\t\t\t<div class=\"rtin-text-part\">\r\n\t\t\t\t\t\t\t\t\t\t<h2 style=\"color:#000000\">Hinode<\/h2>\r\n\t\t\t\t\t\t\t\t\t\t<\/p>\n<ul>\n<li><strong>Remodelagem Comercial <\/strong>de toda a opera\u00e7\u00e3o de vendas diretas do modelo de distribuidores para o modelo monon\u00edvel em <strong>2005<\/strong>, com sucesso.<\/li>\n<li><strong>Nova Remodelagem Comercial <\/strong>da opera\u00e7\u00e3o de vendas diretas do modelo de monon\u00edvel para o modelo multin\u00edvel em <strong>2009<\/strong>, com grande sucesso.<\/li>\n<\/ul>\n<p>\t\t\t\t<\/div>\r\n\t\t\t<\/div>\r\n\t\t<\/div>\r\n\t<\/div>\r\n<\/div><div class=\"\">\r\n\t<div class=\"rt-text-with-image\">\r\n\t\t<div class=\"row\">\r\n\t\t\t<div class=\"col-lg-6 col-md-6 col-sm-6 col-xs-12\">\r\n\t\t\t\t<div class=\"rtin-text-part\">\r\n\t\t\t\t\t\t\t\t\t\t<h2 style=\"color:#000000\">Polishop<\/h2>\r\n\t\t\t\t\t\t\t\t\t\t<\/p>\n<ul>\n<li><strong>Estudo Mercadol\u00f3gico do Portf\u00f3lio <\/strong>para defini\u00e7\u00e3o de linhas de produto mais adequadas para a opera\u00e7\u00e3o de vendas diretas.<\/li>\n<li><strong>Conceitua\u00e7\u00e3o e Implanta\u00e7\u00e3o <\/strong>do modelo de vendas diretas mais adequado ao neg\u00f3cio multicanal.<\/li>\n<li><strong>Gest\u00e3o <\/strong>da \u00e1rea de Marketing do Canal e Planejamento Comercial atrav\u00e9s de consultor da DirectBiz durante os primeiros <strong>06 meses <\/strong>da opera\u00e7\u00e3o comercial.<\/li>\n<\/ul>\n<p>\t\t\t\t<\/div>\r\n\t\t\t<\/div>\r\n\t\t\t<div class=\"col-lg-6 col-md-6 col-sm-6 col-xs-12\">\r\n\t\t\t\t<img width=\"500\" height=\"300\" src=\"https:\/\/www.en.directbiz.com.br\/home\/wp-content\/uploads\/2018\/08\/logo_polishop_500px.png\" class=\"attachment-full size-full\" alt=\"\" loading=\"lazy\" srcset=\"https:\/\/www.en.directbiz.com.br\/home\/wp-content\/uploads\/2018\/08\/logo_polishop_500px.png 500w, https:\/\/www.en.directbiz.com.br\/home\/wp-content\/uploads\/2018\/08\/logo_polishop_500px-300x180.png 300w\" sizes=\"(max-width: 500px) 100vw, 500px\" \/>\t\t\t<\/div>\r\n\t\t<\/div>\r\n\t<\/div>\r\n<\/div><div class=\"\">\r\n\t<div class=\"rt-text-with-image\">\r\n\t\t<div class=\"row\">\r\n\t\t\t<div class=\"col-lg-6 col-md-6 col-sm-6 col-xs-12\">\r\n\t\t\t\t<img width=\"500\" height=\"300\" src=\"https:\/\/www.en.directbiz.com.br\/home\/wp-content\/uploads\/2018\/08\/logo_nestle_ate_voce_500px.png\" class=\"attachment-full size-full\" alt=\"\" loading=\"lazy\" srcset=\"https:\/\/www.en.directbiz.com.br\/home\/wp-content\/uploads\/2018\/08\/logo_nestle_ate_voce_500px.png 500w, https:\/\/www.en.directbiz.com.br\/home\/wp-content\/uploads\/2018\/08\/logo_nestle_ate_voce_500px-300x180.png 300w\" sizes=\"(max-width: 500px) 100vw, 500px\" \/>\t\t\t<\/div>\t\t\t\t\t\r\n\t\t\t<div class=\"col-lg-6 col-md-6 col-sm-6 col-xs-12\">\r\n\t\t\t\t<div class=\"rtin-text-part\">\r\n\t\t\t\t\t\t\t\t\t\t<h2 style=\"color:#000000\">Nestl\u00e9 At\u00e9 Voc\u00ea<\/h2>\r\n\t\t\t\t\t\t\t\t\t\t<\/p>\n<ul>\n<li><strong>Remodelagem Comercial <\/strong>de toda a opera\u00e7\u00e3o de vendas diretas de alimentos voltada para as classes D e E, visando conquista de share e fomento da inclus\u00e3o social na BoP.<\/li>\n<li><strong>Implanta\u00e7\u00e3o e Gest\u00e3o <\/strong>de programa de Capacita\u00e7\u00e3o da for\u00e7a de vendas da \u00e1rea respons\u00e1vel pela opera\u00e7\u00e3o durante <strong>12 meses <\/strong>ap\u00f3s remodelagem.<\/li>\n<\/ul>\n<p>\t\t\t\t<\/div>\r\n\t\t\t<\/div>\r\n\t\t<\/div>\r\n\t<\/div>\r\n<\/div><div class=\"\">\r\n\t<div class=\"rt-text-with-image\">\r\n\t\t<div class=\"row\">\r\n\t\t\t<div class=\"col-lg-6 col-md-6 col-sm-6 col-xs-12\">\r\n\t\t\t\t<div class=\"rtin-text-part\">\r\n\t\t\t\t\t\t\t\t\t\t<h2 style=\"color:#000000\">Essilor<\/h2>\r\n\t\t\t\t\t\t\t\t\t\t<\/p>\n<ul>\n<li><strong>Estrutura\u00e7\u00e3o e Implanta\u00e7\u00e3o <\/strong>do projeto comercial de vendas diretas para o IVV, desde o planejamento estrat\u00e9gico at\u00e9 a implanta\u00e7\u00e3o da opera\u00e7\u00e3o. O <strong>IVV <\/strong>\u00e9 o \u201cbra\u00e7o\u201d de vendas diretas do <strong>Grupo Essilor<\/strong>, l\u00edder mundial no segmento de \u00f3culos e lentes atrav\u00e9s das marcas Varilux e Kodak.<\/li>\n<\/ul>\n<p>\t\t\t\t<\/div>\r\n\t\t\t<\/div>\r\n\t\t\t<div class=\"col-lg-6 col-md-6 col-sm-6 col-xs-12\">\r\n\t\t\t\t<img width=\"500\" height=\"300\" src=\"https:\/\/www.en.directbiz.com.br\/home\/wp-content\/uploads\/2018\/08\/logo_essilor_500px.png\" class=\"attachment-full size-full\" alt=\"\" loading=\"lazy\" srcset=\"https:\/\/www.en.directbiz.com.br\/home\/wp-content\/uploads\/2018\/08\/logo_essilor_500px.png 500w, https:\/\/www.en.directbiz.com.br\/home\/wp-content\/uploads\/2018\/08\/logo_essilor_500px-300x180.png 300w\" sizes=\"(max-width: 500px) 100vw, 500px\" \/>\t\t\t<\/div>\r\n\t\t<\/div>\r\n\t<\/div>\r\n<\/div>[\/vc_column][\/vc_row]<\/p>\n","protected":false},"excerpt":{"rendered":"<p>[vc_row css=&#8221;.vc_custom_1534300736541{padding-top: 100px !important;}&#8221;][vc_column][\/vc_column][\/vc_row][vc_row disable_element=&#8221;yes&#8221; css=&#8221;.vc_custom_1536255714233{padding-bottom: 60px !important;}&#8221;][vc_column width=&#8221;1\/2&#8243;][vc_column_text]Temos muito orgulho de tudo o que j\u00e1 desenvolvemos, mas algumas conquistas em particular merecem destaque[\/vc_column_text][\/vc_column][vc_column width=&#8221;1\/2&#8243;][vc_column_text] [\/vc_column_text][\/vc_column][\/vc_row][vc_row full_width=&#8221;stretch_row&#8221; css=&#8221;.vc_custom_1536256267308{padding-bottom: 50px !important;background-color: #cb1011 !important;}&#8221;][vc_column width=&#8221;1\/2&#8243;][vc_empty_space][vc_empty_space][\/vc_column][vc_column width=&#8221;1\/2&#8243;][vc_empty_space][vc_empty_space][\/vc_column][\/vc_row][vc_row disable_element=&#8221;yes&#8221;][vc_column][\/vc_column][\/vc_row]<\/p>\n","protected":false},"author":3,"featured_media":0,"parent":0,"menu_order":0,"comment_status":"closed","ping_status":"closed","template":"","meta":[],"_links":{"self":[{"href":"https:\/\/www.en.directbiz.com.br\/home\/wp-json\/wp\/v2\/pages\/2410"}],"collection":[{"href":"https:\/\/www.en.directbiz.com.br\/home\/wp-json\/wp\/v2\/pages"}],"about":[{"href":"https:\/\/www.en.directbiz.com.br\/home\/wp-json\/wp\/v2\/types\/page"}],"author":[{"embeddable":true,"href":"https:\/\/www.en.directbiz.com.br\/home\/wp-json\/wp\/v2\/users\/3"}],"replies":[{"embeddable":true,"href":"https:\/\/www.en.directbiz.com.br\/home\/wp-json\/wp\/v2\/comments?post=2410"}],"version-history":[{"count":21,"href":"https:\/\/www.en.directbiz.com.br\/home\/wp-json\/wp\/v2\/pages\/2410\/revisions"}],"predecessor-version":[{"id":7974,"href":"https:\/\/www.en.directbiz.com.br\/home\/wp-json\/wp\/v2\/pages\/2410\/revisions\/7974"}],"wp:attachment":[{"href":"https:\/\/www.en.directbiz.com.br\/home\/wp-json\/wp\/v2\/media?parent=2410"}],"curies":[{"name":"wp","href":"https:\/\/api.w.org\/{rel}","templated":true}]}}